{"id":162,"date":"2023-11-22T17:12:34","date_gmt":"2023-11-22T17:12:34","guid":{"rendered":"https:\/\/fondacijamilosbikovic.org\/startseite\/"},"modified":"2024-05-29T18:00:58","modified_gmt":"2024-05-29T18:00:58","slug":"startseite","status":"publish","type":"page","link":"https:\/\/fondacijamilosbikovic.org\/de\/","title":{"rendered":"Heim"},"content":{"rendered":"","protected":false},"excerpt":{"rendered":"","protected":false},"author":1,"featured_media":141,"parent":0,"menu_order":0,"comment_status":"closed","ping_status":"closed","template":"","meta":{"footnotes":""},"class_list":["post-162","page","type-page","status-publish","has-post-thumbnail","hentry"],"yoast_head":"<!-- This site is optimized with the Yoast SEO plugin v27.4 - https:\/\/yoast.com\/product\/yoast-seo-wordpress\/ -->\n<title>Milo\u0161 Bikovi\u0107 Stiftung<\/title>\n<meta name=\"description\" content=\"Ich treffe oft talentierte junge Menschen aus unserem Land. Ihre Bem\u00fchungen und Erfolge tragen zu unserer Gesellschaft bei, ob als Sch\u00fcler oder Studenten.\" \/>\n<meta name=\"robots\" content=\"index, follow, max-snippet:-1, max-image-preview:large, max-video-preview:-1\" \/>\n<link rel=\"canonical\" href=\"https:\/\/fondacijamilosbikovic.org\/de\/\" \/>\n<meta property=\"og:locale\" content=\"de_DE\" \/>\n<meta property=\"og:type\" content=\"article\" \/>\n<meta property=\"og:title\" content=\"Milo\u0161 Bikovi\u0107 Stiftung\" \/>\n<meta property=\"og:description\" content=\"Ich treffe oft talentierte junge Menschen aus unserem Land. Ihre Bem\u00fchungen und Erfolge tragen zu unserer Gesellschaft bei, ob als Sch\u00fcler oder Studenten.\" \/>\n<meta property=\"og:url\" content=\"https:\/\/fondacijamilosbikovic.org\/de\/\" \/>\n<meta property=\"og:site_name\" content=\"Fondacija Milo\u0161 Bikovi\u0107\" \/>\n<meta property=\"article:publisher\" content=\"https:\/\/www.facebook.com\/fondacijabikovic\" \/>\n<meta property=\"article:modified_time\" content=\"2024-05-29T18:00:58+00:00\" \/>\n<meta property=\"og:image\" content=\"https:\/\/fondacijamilosbikovic.org\/wp-content\/uploads\/2023\/11\/feature-img.jpg\" \/>\n\t<meta property=\"og:image:width\" content=\"1200\" \/>\n\t<meta property=\"og:image:height\" content=\"630\" \/>\n\t<meta property=\"og:image:type\" content=\"image\/jpeg\" \/>\n<meta name=\"twitter:card\" content=\"summary_large_image\" \/>\n<script type=\"application\/ld+json\" class=\"yoast-schema-graph\">{\"@context\":\"https:\\\/\\\/schema.org\",\"@graph\":[{\"@type\":\"WebPage\",\"@id\":\"https:\\\/\\\/fondacijamilosbikovic.org\\\/de\\\/\",\"url\":\"https:\\\/\\\/fondacijamilosbikovic.org\\\/de\\\/\",\"name\":\"Milo\u0161 Bikovi\u0107 Stiftung\",\"isPartOf\":{\"@id\":\"https:\\\/\\\/fondacijamilosbikovic.org\\\/de\\\/#website\"},\"primaryImageOfPage\":{\"@id\":\"https:\\\/\\\/fondacijamilosbikovic.org\\\/de\\\/#primaryimage\"},\"image\":{\"@id\":\"https:\\\/\\\/fondacijamilosbikovic.org\\\/de\\\/#primaryimage\"},\"thumbnailUrl\":\"https:\\\/\\\/fondacijamilosbikovic.org\\\/wp-content\\\/uploads\\\/2023\\\/11\\\/feature-img.jpg\",\"datePublished\":\"2023-11-22T17:12:34+00:00\",\"dateModified\":\"2024-05-29T18:00:58+00:00\",\"description\":\"Ich treffe oft talentierte junge Menschen aus unserem Land. Ihre Bem\u00fchungen und Erfolge tragen zu unserer Gesellschaft bei, ob als Sch\u00fcler oder Studenten.\",\"breadcrumb\":{\"@id\":\"https:\\\/\\\/fondacijamilosbikovic.org\\\/de\\\/#breadcrumb\"},\"inLanguage\":\"de\",\"potentialAction\":[{\"@type\":\"ReadAction\",\"target\":[\"https:\\\/\\\/fondacijamilosbikovic.org\\\/de\\\/\"]}]},{\"@type\":\"ImageObject\",\"inLanguage\":\"de\",\"@id\":\"https:\\\/\\\/fondacijamilosbikovic.org\\\/de\\\/#primaryimage\",\"url\":\"https:\\\/\\\/fondacijamilosbikovic.org\\\/wp-content\\\/uploads\\\/2023\\\/11\\\/feature-img.jpg\",\"contentUrl\":\"https:\\\/\\\/fondacijamilosbikovic.org\\\/wp-content\\\/uploads\\\/2023\\\/11\\\/feature-img.jpg\",\"width\":1200,\"height\":630},{\"@type\":\"BreadcrumbList\",\"@id\":\"https:\\\/\\\/fondacijamilosbikovic.org\\\/de\\\/#breadcrumb\",\"itemListElement\":[{\"@type\":\"ListItem\",\"position\":1,\"name\":\"Home\",\"item\":\"https:\\\/\\\/fondacijamilosbikovic.org\\\/de\\\/\"},{\"@type\":\"ListItem\",\"position\":2,\"name\":\"Heim\"}]},{\"@type\":\"WebSite\",\"@id\":\"https:\\\/\\\/fondacijamilosbikovic.org\\\/de\\\/#website\",\"url\":\"https:\\\/\\\/fondacijamilosbikovic.org\\\/de\\\/\",\"name\":\"Fondacija Milo\u0161 Bikovi\u0107\",\"description\":\"Energija talenata, iskustvo stru\u010dnjaka -\u00a0za\u00a0bolji\u00a0svet.\",\"publisher\":{\"@id\":\"https:\\\/\\\/fondacijamilosbikovic.org\\\/de\\\/#organization\"},\"potentialAction\":[{\"@type\":\"SearchAction\",\"target\":{\"@type\":\"EntryPoint\",\"urlTemplate\":\"https:\\\/\\\/fondacijamilosbikovic.org\\\/de\\\/?s={search_term_string}\"},\"query-input\":{\"@type\":\"PropertyValueSpecification\",\"valueRequired\":true,\"valueName\":\"search_term_string\"}}],\"inLanguage\":\"de\"},{\"@type\":\"Organization\",\"@id\":\"https:\\\/\\\/fondacijamilosbikovic.org\\\/de\\\/#organization\",\"name\":\"Fondacija Milo\u0161 Bikovi\u0107\",\"url\":\"https:\\\/\\\/fondacijamilosbikovic.org\\\/de\\\/\",\"logo\":{\"@type\":\"ImageObject\",\"inLanguage\":\"de\",\"@id\":\"https:\\\/\\\/fondacijamilosbikovic.org\\\/de\\\/#\\\/schema\\\/logo\\\/image\\\/\",\"url\":\"https:\\\/\\\/fondacijamilosbikovic.org\\\/wp-content\\\/uploads\\\/2023\\\/11\\\/logo@x2.png\",\"contentUrl\":\"https:\\\/\\\/fondacijamilosbikovic.org\\\/wp-content\\\/uploads\\\/2023\\\/11\\\/logo@x2.png\",\"width\":800,\"height\":182,\"caption\":\"Fondacija Milo\u0161 Bikovi\u0107\"},\"image\":{\"@id\":\"https:\\\/\\\/fondacijamilosbikovic.org\\\/de\\\/#\\\/schema\\\/logo\\\/image\\\/\"},\"sameAs\":[\"https:\\\/\\\/www.facebook.com\\\/fondacijabikovic\"]}]}<\/script>\n<!-- \/ Yoast SEO plugin. -->","yoast_head_json":{"title":"Milo\u0161 Bikovi\u0107 Stiftung","description":"Ich treffe oft talentierte junge Menschen aus unserem Land. Ihre Bem\u00fchungen und Erfolge tragen zu unserer Gesellschaft bei, ob als Sch\u00fcler oder Studenten.","robots":{"index":"index","follow":"follow","max-snippet":"max-snippet:-1","max-image-preview":"max-image-preview:large","max-video-preview":"max-video-preview:-1"},"canonical":"https:\/\/fondacijamilosbikovic.org\/de\/","og_locale":"de_DE","og_type":"article","og_title":"Milo\u0161 Bikovi\u0107 Stiftung","og_description":"Ich treffe oft talentierte junge Menschen aus unserem Land. Ihre Bem\u00fchungen und Erfolge tragen zu unserer Gesellschaft bei, ob als Sch\u00fcler oder Studenten.","og_url":"https:\/\/fondacijamilosbikovic.org\/de\/","og_site_name":"Fondacija Milo\u0161 Bikovi\u0107","article_publisher":"https:\/\/www.facebook.com\/fondacijabikovic","article_modified_time":"2024-05-29T18:00:58+00:00","og_image":[{"width":1200,"height":630,"url":"https:\/\/fondacijamilosbikovic.org\/wp-content\/uploads\/2023\/11\/feature-img.jpg","type":"image\/jpeg"}],"twitter_card":"summary_large_image","schema":{"@context":"https:\/\/schema.org","@graph":[{"@type":"WebPage","@id":"https:\/\/fondacijamilosbikovic.org\/de\/","url":"https:\/\/fondacijamilosbikovic.org\/de\/","name":"Milo\u0161 Bikovi\u0107 Stiftung","isPartOf":{"@id":"https:\/\/fondacijamilosbikovic.org\/de\/#website"},"primaryImageOfPage":{"@id":"https:\/\/fondacijamilosbikovic.org\/de\/#primaryimage"},"image":{"@id":"https:\/\/fondacijamilosbikovic.org\/de\/#primaryimage"},"thumbnailUrl":"https:\/\/fondacijamilosbikovic.org\/wp-content\/uploads\/2023\/11\/feature-img.jpg","datePublished":"2023-11-22T17:12:34+00:00","dateModified":"2024-05-29T18:00:58+00:00","description":"Ich treffe oft talentierte junge Menschen aus unserem Land. Ihre Bem\u00fchungen und Erfolge tragen zu unserer Gesellschaft bei, ob als Sch\u00fcler oder Studenten.","breadcrumb":{"@id":"https:\/\/fondacijamilosbikovic.org\/de\/#breadcrumb"},"inLanguage":"de","potentialAction":[{"@type":"ReadAction","target":["https:\/\/fondacijamilosbikovic.org\/de\/"]}]},{"@type":"ImageObject","inLanguage":"de","@id":"https:\/\/fondacijamilosbikovic.org\/de\/#primaryimage","url":"https:\/\/fondacijamilosbikovic.org\/wp-content\/uploads\/2023\/11\/feature-img.jpg","contentUrl":"https:\/\/fondacijamilosbikovic.org\/wp-content\/uploads\/2023\/11\/feature-img.jpg","width":1200,"height":630},{"@type":"BreadcrumbList","@id":"https:\/\/fondacijamilosbikovic.org\/de\/#breadcrumb","itemListElement":[{"@type":"ListItem","position":1,"name":"Home","item":"https:\/\/fondacijamilosbikovic.org\/de\/"},{"@type":"ListItem","position":2,"name":"Heim"}]},{"@type":"WebSite","@id":"https:\/\/fondacijamilosbikovic.org\/de\/#website","url":"https:\/\/fondacijamilosbikovic.org\/de\/","name":"Fondacija Milo\u0161 Bikovi\u0107","description":"Energija talenata, iskustvo stru\u010dnjaka -\u00a0za\u00a0bolji\u00a0svet.","publisher":{"@id":"https:\/\/fondacijamilosbikovic.org\/de\/#organization"},"potentialAction":[{"@type":"SearchAction","target":{"@type":"EntryPoint","urlTemplate":"https:\/\/fondacijamilosbikovic.org\/de\/?s={search_term_string}"},"query-input":{"@type":"PropertyValueSpecification","valueRequired":true,"valueName":"search_term_string"}}],"inLanguage":"de"},{"@type":"Organization","@id":"https:\/\/fondacijamilosbikovic.org\/de\/#organization","name":"Fondacija Milo\u0161 Bikovi\u0107","url":"https:\/\/fondacijamilosbikovic.org\/de\/","logo":{"@type":"ImageObject","inLanguage":"de","@id":"https:\/\/fondacijamilosbikovic.org\/de\/#\/schema\/logo\/image\/","url":"https:\/\/fondacijamilosbikovic.org\/wp-content\/uploads\/2023\/11\/logo@x2.png","contentUrl":"https:\/\/fondacijamilosbikovic.org\/wp-content\/uploads\/2023\/11\/logo@x2.png","width":800,"height":182,"caption":"Fondacija Milo\u0161 Bikovi\u0107"},"image":{"@id":"https:\/\/fondacijamilosbikovic.org\/de\/#\/schema\/logo\/image\/"},"sameAs":["https:\/\/www.facebook.com\/fondacijabikovic"]}]}},"_links":{"self":[{"href":"https:\/\/fondacijamilosbikovic.org\/de\/wp-json\/wp\/v2\/pages\/162","targetHints":{"allow":["GET"]}}],"collection":[{"href":"https:\/\/fondacijamilosbikovic.org\/de\/wp-json\/wp\/v2\/pages"}],"about":[{"href":"https:\/\/fondacijamilosbikovic.org\/de\/wp-json\/wp\/v2\/types\/page"}],"author":[{"embeddable":true,"href":"https:\/\/fondacijamilosbikovic.org\/de\/wp-json\/wp\/v2\/users\/1"}],"replies":[{"embeddable":true,"href":"https:\/\/fondacijamilosbikovic.org\/de\/wp-json\/wp\/v2\/comments?post=162"}],"version-history":[{"count":1,"href":"https:\/\/fondacijamilosbikovic.org\/de\/wp-json\/wp\/v2\/pages\/162\/revisions"}],"predecessor-version":[{"id":173,"href":"https:\/\/fondacijamilosbikovic.org\/de\/wp-json\/wp\/v2\/pages\/162\/revisions\/173"}],"wp:featuredmedia":[{"embeddable":true,"href":"https:\/\/fondacijamilosbikovic.org\/de\/wp-json\/wp\/v2\/media\/141"}],"wp:attachment":[{"href":"https:\/\/fondacijamilosbikovic.org\/de\/wp-json\/wp\/v2\/media?parent=162"}],"curies":[{"name":"wp","href":"https:\/\/api.w.org\/{rel}","templated":true}]}}